{"id":210,"date":"2023-04-12T16:28:23","date_gmt":"2023-04-12T16:28:23","guid":{"rendered":"http:\/\/dspowerbeauty.ch\/?page_id=210"},"modified":"2023-04-18T21:18:45","modified_gmt":"2023-04-18T21:18:45","slug":"blog","status":"publish","type":"page","link":"https:\/\/dspowerbeauty.ch\/en\/blog\/","title":{"rendered":"Blog"},"content":{"rendered":"<div data-elementor-type=\"wp-page\" data-elementor-id=\"210\" class=\"elementor elementor-210\">\n\t\t\t\t\t\t\t\t\t<section class=\"elementor-section elementor-top-section elementor-element elementor-element-3e9be86 elementor-section-boxed elementor-section-height-default elementor-section-height-default\" data-id=\"3e9be86\" data-element_type=\"section\" data-settings=\"{&quot;background_background&quot;:&quot;classic&quot;}\">\n\t\t\t\t\t\t\t<div class=\"elementor-background-overlay\"><\/div>\n\t\t\t\t\t\t\t<div class=\"elementor-container elementor-column-gap-default\">\n\t\t\t\t\t<div class=\"elementor-column elementor-col-100 elementor-top-column elementor-element elementor-element-3de9ed72\" data-id=\"3de9ed72\" data-element_type=\"column\">\n\t\t\t<div class=\"elementor-widget-wrap elementor-element-populated\">\n\t\t\t\t\t\t\t\t<div class=\"elementor-element elementor-element-7161733a elementor-invisible elementor-widget elementor-widget-heading\" data-id=\"7161733a\" data-element_type=\"widget\" data-settings=\"{&quot;_animation&quot;:&quot;fadeInUp&quot;}\" data-widget_type=\"heading.default\">\n\t\t\t\t<div class=\"elementor-widget-container\">\n\t\t\t<style>\/*! elementor - v3.12.2 - 23-04-2023 *\/\n.elementor-heading-title{padding:0;margin:0;line-height:1}.elementor-widget-heading .elementor-heading-title[class*=elementor-size-]>a{color:inherit;font-size:inherit;line-height:inherit}.elementor-widget-heading .elementor-heading-title.elementor-size-small{font-size:15px}.elementor-widget-heading .elementor-heading-title.elementor-size-medium{font-size:19px}.elementor-widget-heading .elementor-heading-title.elementor-size-large{font-size:29px}.elementor-widget-heading .elementor-heading-title.elementor-size-xl{font-size:39px}.elementor-widget-heading .elementor-heading-title.elementor-size-xxl{font-size:59px}<\/style><h1 class=\"elementor-heading-title elementor-size-default\">Blog<\/h1>\t\t<\/div>\n\t\t\t\t<\/div>\n\t\t\t\t<div class=\"elementor-element elementor-element-d14c742 elementor-invisible elementor-widget elementor-widget-heading\" data-id=\"d14c742\" data-element_type=\"widget\" data-settings=\"{&quot;_animation&quot;:&quot;fadeInDown&quot;}\" data-widget_type=\"heading.default\">\n\t\t\t\t<div class=\"elementor-widget-container\">\n\t\t\t<h3 class=\"elementor-heading-title elementor-size-default\">Learn all about beauty<\/h3>\t\t<\/div>\n\t\t\t\t<\/div>\n\t\t\t\t\t<\/div>\n\t\t<\/div>\n\t\t\t\t\t\t\t<\/div>\n\t\t<\/section>\n\t\t\t\t<section class=\"elementor-section elementor-top-section elementor-element elementor-element-30d2307b elementor-section-boxed elementor-section-height-default elementor-section-height-default\" data-id=\"30d2307b\" data-element_type=\"section\">\n\t\t\t\t\t\t<div class=\"elementor-container elementor-column-gap-default\">\n\t\t\t\t\t<div class=\"elementor-column elementor-col-50 elementor-top-column elementor-element elementor-element-695e0bdc\" data-id=\"695e0bdc\" data-element_type=\"column\">\n\t\t\t<div class=\"elementor-widget-wrap elementor-element-populated\">\n\t\t\t\t\t\t\t\t<div class=\"elementor-element elementor-element-1b9a3a4f elementor-widget elementor-widget-heading\" data-id=\"1b9a3a4f\" data-element_type=\"widget\" data-widget_type=\"heading.default\">\n\t\t\t\t<div class=\"elementor-widget-container\">\n\t\t\t<h6 class=\"elementor-heading-title elementor-size-default\">Blog<\/h6>\t\t<\/div>\n\t\t\t\t<\/div>\n\t\t\t\t<div class=\"elementor-element elementor-element-6f9804e elementor-widget elementor-widget-heading\" data-id=\"6f9804e\" data-element_type=\"widget\" data-widget_type=\"heading.default\">\n\t\t\t\t<div class=\"elementor-widget-container\">\n\t\t\t<h2 class=\"elementor-heading-title elementor-size-default\">D\u00e9couvrez des recommandations de premi\u00e8re main pour une belle peau et de beaux cheveux<\/h2>\t\t<\/div>\n\t\t\t\t<\/div>\n\t\t\t\t\t<\/div>\n\t\t<\/div>\n\t\t\t\t<div class=\"elementor-column elementor-col-50 elementor-top-column elementor-element elementor-element-5749922d\" data-id=\"5749922d\" data-element_type=\"column\">\n\t\t\t<div class=\"elementor-widget-wrap elementor-element-populated\">\n\t\t\t\t\t\t\t\t<div class=\"elementor-element elementor-element-5d423171 elementor-widget elementor-widget-text-editor\" data-id=\"5d423171\" data-element_type=\"widget\" data-widget_type=\"text-editor.default\">\n\t\t\t\t<div class=\"elementor-widget-container\">\n\t\t\t<style>\/*! elementor - v3.12.2 - 23-04-2023 *\/\n.elementor-widget-text-editor.elementor-drop-cap-view-stacked .elementor-drop-cap{background-color:#69727d;color:#fff}.elementor-widget-text-editor.elementor-drop-cap-view-framed .elementor-drop-cap{color:#69727d;border:3px solid;background-color:transparent}.elementor-widget-text-editor:not(.elementor-drop-cap-view-default) .elementor-drop-cap{margin-top:8px}.elementor-widget-text-editor:not(.elementor-drop-cap-view-default) .elementor-drop-cap-letter{width:1em;height:1em}.elementor-widget-text-editor .elementor-drop-cap{float:left;text-align:center;line-height:1;font-size:50px}.elementor-widget-text-editor .elementor-drop-cap-letter{display:inline-block}<\/style>\t\t\t\t<p>De beaux cheveux et une belle peau font partie int\u00e9grante de notre beaut\u00e9 au quotidien. Cependant, le stress, une mauvaise alimentation, la pollution et les mauvaises habitudes peuvent menacer la sant\u00e9 de nos cheveux et de notre peau.<\/p><p>Heureusement, il existe des astuces et des produits simples qui peuvent aider \u00e0 maintenir une peau et des cheveux brillants et sains.<\/p><p>Dans ce blog, nous aborderons des astuces simples et les meilleurs conseils ainsi que des produits pour embellir vos cheveux et votre peau, quel que soit leur type ou leur condition.<\/p><p>Des masques capillaires aux hydratants pour le visage, d\u00e9couvrez comment rester frais et radieux toute l&rsquo;ann\u00e9e et suivez notre blog.<\/p>\t\t\t\t\t\t<\/div>\n\t\t\t\t<\/div>\n\t\t\t\t\t<\/div>\n\t\t<\/div>\n\t\t\t\t\t\t\t<\/div>\n\t\t<\/section>\n\t\t\t\t<section class=\"elementor-section elementor-top-section elementor-element elementor-element-7eee967 elementor-section-boxed elementor-section-height-default elementor-section-height-default\" data-id=\"7eee967\" data-element_type=\"section\">\n\t\t\t\t\t\t<div class=\"elementor-container elementor-column-gap-default\">\n\t\t\t\t\t<div class=\"elementor-column elementor-col-100 elementor-top-column elementor-element elementor-element-d513ba5\" data-id=\"d513ba5\" data-element_type=\"column\">\n\t\t\t<div class=\"elementor-widget-wrap elementor-element-populated\">\n\t\t\t\t\t\t\t\t<div class=\"elementor-element elementor-element-87c9f16 elementor-grid-3 elementor-grid-tablet-2 elementor-grid-mobile-1 elementor-posts--thumbnail-top elementor-card-shadow-yes elementor-posts__hover-gradient elementor-widget elementor-widget-posts\" data-id=\"87c9f16\" data-element_type=\"widget\" data-settings=\"{&quot;cards_columns&quot;:&quot;3&quot;,&quot;cards_columns_tablet&quot;:&quot;2&quot;,&quot;cards_columns_mobile&quot;:&quot;1&quot;,&quot;cards_row_gap&quot;:{&quot;unit&quot;:&quot;px&quot;,&quot;size&quot;:35,&quot;sizes&quot;:[]},&quot;cards_row_gap_tablet&quot;:{&quot;unit&quot;:&quot;px&quot;,&quot;size&quot;:&quot;&quot;,&quot;sizes&quot;:[]},&quot;cards_row_gap_mobile&quot;:{&quot;unit&quot;:&quot;px&quot;,&quot;size&quot;:&quot;&quot;,&quot;sizes&quot;:[]}}\" data-widget_type=\"posts.cards\">\n\t\t\t\t<div class=\"elementor-widget-container\">\n\t\t\t<link rel=\"stylesheet\" href=\"https:\/\/dspowerbeauty.ch\/wp-content\/plugins\/elementor-pro\/assets\/css\/widget-posts.min.css\">\t\t<div class=\"elementor-posts-container elementor-posts elementor-posts--skin-cards elementor-grid\">\n\t\t\t\t<article class=\"elementor-post elementor-grid-item post-401 post type-post status-publish format-standard hentry category-blog\">\n\t\t\t<div class=\"elementor-post__card\">\n\t\t\t\t<div class=\"elementor-post__text\">\n\t\t\t\t<h3 class=\"elementor-post__title\">\n\t\t\t<a href=\"https:\/\/dspowerbeauty.ch\/en\/ds-power-beauty\/\" >\n\t\t\t\tDS Power Beauty\t\t\t<\/a>\n\t\t<\/h3>\n\t\t\t\t<div class=\"elementor-post__excerpt\">\n\t\t\t<p>La mission du salon de beaut\u00e9 DS Power Beauty est de fournir \u00e0 chaque client une approche individuelle et personnalis\u00e9e de la beaut\u00e9. Notre \u00e9quipe de professionnels hautement qualifi\u00e9s en soins de la peau et des cheveux est d\u00e9di\u00e9e aux clients et \u00e0 leurs besoins. <\/p>\n\t\t<\/div>\n\t\t\n\t\t<a class=\"elementor-post__read-more\" href=\"https:\/\/dspowerbeauty.ch\/en\/ds-power-beauty\/\" aria-label=\"Read more about DS Power Beauty\" >\n\t\t\tEn savoir plus \u00bb\t\t<\/a>\n\n\t\t\t\t<\/div>\n\t\t\t\t<div class=\"elementor-post__meta-data\">\n\t\t\t\t\t<span class=\"elementor-post-date\">\n\t\t\tApril 13, 2023\t\t<\/span>\n\t\t\t\t<span class=\"elementor-post-avatar\">\n\t\t\tNo Comments\t\t<\/span>\n\t\t\t\t<\/div>\n\t\t\t\t\t<\/div>\n\t\t<\/article>\n\t\t\t\t<article class=\"elementor-post elementor-grid-item post-223 post type-post status-publish format-standard has-post-thumbnail hentry category-blog\">\n\t\t\t<div class=\"elementor-post__card\">\n\t\t\t\t<a class=\"elementor-post__thumbnail__link\" href=\"https:\/\/dspowerbeauty.ch\/en\/shr-laser\/\" ><div class=\"elementor-post__thumbnail\"><img loading=\"lazy\" decoding=\"async\" width=\"800\" height=\"534\" src=\"https:\/\/dspowerbeauty.ch\/wp-content\/uploads\/2023\/04\/shr-laser-1024x683.jpg\" class=\"attachment-large size-large wp-image-224\" alt=\"Laser IPL\" srcset=\"https:\/\/dspowerbeauty.ch\/wp-content\/uploads\/2023\/04\/shr-laser-1024x683.jpg 1024w, https:\/\/dspowerbeauty.ch\/wp-content\/uploads\/2023\/04\/shr-laser-300x200.jpg 300w, https:\/\/dspowerbeauty.ch\/wp-content\/uploads\/2023\/04\/shr-laser-768x512.jpg 768w, https:\/\/dspowerbeauty.ch\/wp-content\/uploads\/2023\/04\/shr-laser-18x12.jpg 18w, https:\/\/dspowerbeauty.ch\/wp-content\/uploads\/2023\/04\/shr-laser.jpg 1080w\" sizes=\"auto, (max-width: 800px) 100vw, 800px\" \/><\/div><\/a>\n\t\t\t\t<div class=\"elementor-post__text\">\n\t\t\t\t<h3 class=\"elementor-post__title\">\n\t\t\t<a href=\"https:\/\/dspowerbeauty.ch\/en\/shr-laser\/\" >\n\t\t\t\tSHR Laser\t\t\t<\/a>\n\t\t<\/h3>\n\t\t\t\t<div class=\"elementor-post__excerpt\">\n\t\t\t<p>Le laser SHR peut traiter les cheveux blonds et fins, mais veuillez noter que ce type de laser ne peut pas traiter les peaux fonc\u00e9es. Pour obtenir un r\u00e9sultat optimal, il est n\u00e9cessaire de suivre entre 8 \u00e0 10 s\u00e9ances.<\/p>\n\t\t<\/div>\n\t\t\n\t\t<a class=\"elementor-post__read-more\" href=\"https:\/\/dspowerbeauty.ch\/en\/shr-laser\/\" aria-label=\"Read more about SHR Laser\" >\n\t\t\tEn savoir plus \u00bb\t\t<\/a>\n\n\t\t\t\t<\/div>\n\t\t\t\t<div class=\"elementor-post__meta-data\">\n\t\t\t\t\t<span class=\"elementor-post-date\">\n\t\t\tApril 12, 2023\t\t<\/span>\n\t\t\t\t<span class=\"elementor-post-avatar\">\n\t\t\tNo Comments\t\t<\/span>\n\t\t\t\t<\/div>\n\t\t\t\t\t<\/div>\n\t\t<\/article>\n\t\t\t\t<article class=\"elementor-post elementor-grid-item post-216 post type-post status-publish format-standard has-post-thumbnail hentry category-blog tag-laser-diode-pro tag-skin-care\">\n\t\t\t<div class=\"elementor-post__card\">\n\t\t\t\t<a class=\"elementor-post__thumbnail__link\" href=\"https:\/\/dspowerbeauty.ch\/en\/laser-diode-pro\/\" ><div class=\"elementor-post__thumbnail\"><img loading=\"lazy\" decoding=\"async\" width=\"800\" height=\"534\" src=\"https:\/\/dspowerbeauty.ch\/wp-content\/uploads\/2023\/04\/njegakoze-1024x683.jpg\" class=\"attachment-large size-large wp-image-194\" alt=\"laser diode pro\" srcset=\"https:\/\/dspowerbeauty.ch\/wp-content\/uploads\/2023\/04\/njegakoze-1024x683.jpg 1024w, https:\/\/dspowerbeauty.ch\/wp-content\/uploads\/2023\/04\/njegakoze-300x200.jpg 300w, https:\/\/dspowerbeauty.ch\/wp-content\/uploads\/2023\/04\/njegakoze-768x512.jpg 768w, https:\/\/dspowerbeauty.ch\/wp-content\/uploads\/2023\/04\/njegakoze-18x12.jpg 18w, https:\/\/dspowerbeauty.ch\/wp-content\/uploads\/2023\/04\/njegakoze.jpg 1080w\" sizes=\"auto, (max-width: 800px) 100vw, 800px\" \/><\/div><\/a>\n\t\t\t\t<div class=\"elementor-post__text\">\n\t\t\t\t<h3 class=\"elementor-post__title\">\n\t\t\t<a href=\"https:\/\/dspowerbeauty.ch\/en\/laser-diode-pro\/\" >\n\t\t\t\tLaser Diode PRO\t\t\t<\/a>\n\t\t<\/h3>\n\t\t\t\t<div class=\"elementor-post__excerpt\">\n\t\t\t<p>Il s&rsquo;agit d&rsquo;une derni\u00e8re g\u00e9n\u00e9ration de laser utilis\u00e9e sur les seins de l&rsquo;institut DS Power Beauty, qui peut traiter tous les types de peau, y compris le type de peau 6. Pour obtenir un r\u00e9sultat optimal, il faut environ 6 \u00e0 8 s\u00e9ances. Ce laser est recommand\u00e9 pour les personnes ayant des cheveux noirs et forts.<\/p>\n\t\t<\/div>\n\t\t\n\t\t<a class=\"elementor-post__read-more\" href=\"https:\/\/dspowerbeauty.ch\/en\/laser-diode-pro\/\" aria-label=\"Read more about Laser Diode PRO\" >\n\t\t\tEn savoir plus \u00bb\t\t<\/a>\n\n\t\t\t\t<\/div>\n\t\t\t\t<div class=\"elementor-post__meta-data\">\n\t\t\t\t\t<span class=\"elementor-post-date\">\n\t\t\tApril 12, 2023\t\t<\/span>\n\t\t\t\t<span class=\"elementor-post-avatar\">\n\t\t\tNo Comments\t\t<\/span>\n\t\t\t\t<\/div>\n\t\t\t\t\t<\/div>\n\t\t<\/article>\n\t\t\t\t<\/div>\n\t\t\n\t\t\t\t<\/div>\n\t\t\t\t<\/div>\n\t\t\t\t\t<\/div>\n\t\t<\/div>\n\t\t\t\t\t\t\t<\/div>\n\t\t<\/section>\n\t\t\t\t\t\t\t<\/div>","protected":false},"excerpt":{"rendered":"<p>D\u00e9couvrez tout sur la beaut\u00e9 de premi\u00e8re main Blog D\u00e9couvrez des recommandations de premi\u00e8re main pour une belle peau et de beaux cheveux De beaux cheveux et une belle peau font partie int\u00e9grante de notre beaut\u00e9 au quotidien. Cependant, le stress, une mauvaise alimentation, la pollution et les mauvaises habitudes peuvent menacer la sant\u00e9 de [&hellip;]<\/p>","protected":false},"author":1,"featured_media":0,"parent":0,"menu_order":0,"comment_status":"closed","ping_status":"closed","template":"elementor_header_footer","meta":{"footnotes":""},"class_list":["post-210","page","type-page","status-publish","hentry"],"yoast_head":"<!-- This site is optimized with the Yoast SEO plugin v22.0 - https:\/\/yoast.com\/wordpress\/plugins\/seo\/ -->\n<title>Blog - DsPowerBeauty<\/title>\n<meta name=\"robots\" content=\"index, follow, max-snippet:-1, max-image-preview:large, max-video-preview:-1\" \/>\n<link rel=\"canonical\" href=\"https:\/\/dspowerbeauty.ch\/en\/blog\/\" \/>\n<meta property=\"og:locale\" content=\"en_GB\" \/>\n<meta property=\"og:type\" content=\"article\" \/>\n<meta property=\"og:title\" content=\"Blog - DsPowerBeauty\" \/>\n<meta property=\"og:description\" content=\"D\u00e9couvrez tout sur la beaut\u00e9 de premi\u00e8re main Blog D\u00e9couvrez des recommandations de premi\u00e8re main pour une belle peau et de beaux cheveux De beaux cheveux et une belle peau font partie int\u00e9grante de notre beaut\u00e9 au quotidien. Cependant, le stress, une mauvaise alimentation, la pollution et les mauvaises habitudes peuvent menacer la sant\u00e9 de [&hellip;]\" \/>\n<meta property=\"og:url\" content=\"https:\/\/dspowerbeauty.ch\/en\/blog\/\" \/>\n<meta property=\"og:site_name\" content=\"DsPowerBeauty\" \/>\n<meta property=\"article:modified_time\" content=\"2023-04-18T21:18:45+00:00\" \/>\n<meta name=\"twitter:card\" content=\"summary_large_image\" \/>\n<meta name=\"twitter:label1\" content=\"Estimated reading time\" \/>\n\t<meta name=\"twitter:data1\" content=\"2 minutes\" \/>\n<script type=\"application\/ld+json\" class=\"yoast-schema-graph\">{\"@context\":\"https:\/\/schema.org\",\"@graph\":[{\"@type\":\"WebPage\",\"@id\":\"https:\/\/dspowerbeauty.ch\/blog\/\",\"url\":\"https:\/\/dspowerbeauty.ch\/blog\/\",\"name\":\"Blog - DsPowerBeauty\",\"isPartOf\":{\"@id\":\"https:\/\/dspowerbeauty.ch\/#website\"},\"datePublished\":\"2023-04-12T16:28:23+00:00\",\"dateModified\":\"2023-04-18T21:18:45+00:00\",\"breadcrumb\":{\"@id\":\"https:\/\/dspowerbeauty.ch\/blog\/#breadcrumb\"},\"inLanguage\":\"en-GB\",\"potentialAction\":[{\"@type\":\"ReadAction\",\"target\":[\"https:\/\/dspowerbeauty.ch\/blog\/\"]}]},{\"@type\":\"BreadcrumbList\",\"@id\":\"https:\/\/dspowerbeauty.ch\/blog\/#breadcrumb\",\"itemListElement\":[{\"@type\":\"ListItem\",\"position\":1,\"name\":\"Home\",\"item\":\"https:\/\/dspowerbeauty.ch\/\"},{\"@type\":\"ListItem\",\"position\":2,\"name\":\"Blog\"}]},{\"@type\":\"WebSite\",\"@id\":\"https:\/\/dspowerbeauty.ch\/#website\",\"url\":\"https:\/\/dspowerbeauty.ch\/\",\"name\":\"DS Power Beauty\",\"description\":\"DsPowerBeauty\",\"publisher\":{\"@id\":\"https:\/\/dspowerbeauty.ch\/#organization\"},\"potentialAction\":[{\"@type\":\"SearchAction\",\"target\":{\"@type\":\"EntryPoint\",\"urlTemplate\":\"https:\/\/dspowerbeauty.ch\/?s={search_term_string}\"},\"query-input\":\"required name=search_term_string\"}],\"inLanguage\":\"en-GB\"},{\"@type\":\"Organization\",\"@id\":\"https:\/\/dspowerbeauty.ch\/#organization\",\"name\":\"DS Power Beauty\",\"url\":\"https:\/\/dspowerbeauty.ch\/\",\"logo\":{\"@type\":\"ImageObject\",\"inLanguage\":\"en-GB\",\"@id\":\"https:\/\/dspowerbeauty.ch\/#\/schema\/logo\/image\/\",\"url\":\"http:\/\/dspowerbeauty.ch\/wp-content\/uploads\/2023\/03\/logo_black.png\",\"contentUrl\":\"http:\/\/dspowerbeauty.ch\/wp-content\/uploads\/2023\/03\/logo_black.png\",\"width\":300,\"height\":72,\"caption\":\"DS Power Beauty\"},\"image\":{\"@id\":\"https:\/\/dspowerbeauty.ch\/#\/schema\/logo\/image\/\"},\"sameAs\":[\"https:\/\/www.instagram.com\/ds_powerbeauty\/\"]}]}<\/script>\n<!-- \/ Yoast SEO plugin. -->","yoast_head_json":{"title":"Blog - DsPowerBeauty","robots":{"index":"index","follow":"follow","max-snippet":"max-snippet:-1","max-image-preview":"max-image-preview:large","max-video-preview":"max-video-preview:-1"},"canonical":"https:\/\/dspowerbeauty.ch\/en\/blog\/","og_locale":"en_GB","og_type":"article","og_title":"Blog - DsPowerBeauty","og_description":"D\u00e9couvrez tout sur la beaut\u00e9 de premi\u00e8re main Blog D\u00e9couvrez des recommandations de premi\u00e8re main pour une belle peau et de beaux cheveux De beaux cheveux et une belle peau font partie int\u00e9grante de notre beaut\u00e9 au quotidien. Cependant, le stress, une mauvaise alimentation, la pollution et les mauvaises habitudes peuvent menacer la sant\u00e9 de [&hellip;]","og_url":"https:\/\/dspowerbeauty.ch\/en\/blog\/","og_site_name":"DsPowerBeauty","article_modified_time":"2023-04-18T21:18:45+00:00","twitter_card":"summary_large_image","twitter_misc":{"Estimated reading time":"2 minutes"},"schema":{"@context":"https:\/\/schema.org","@graph":[{"@type":"WebPage","@id":"https:\/\/dspowerbeauty.ch\/blog\/","url":"https:\/\/dspowerbeauty.ch\/blog\/","name":"Blog - DsPowerBeauty","isPartOf":{"@id":"https:\/\/dspowerbeauty.ch\/#website"},"datePublished":"2023-04-12T16:28:23+00:00","dateModified":"2023-04-18T21:18:45+00:00","breadcrumb":{"@id":"https:\/\/dspowerbeauty.ch\/blog\/#breadcrumb"},"inLanguage":"en-GB","potentialAction":[{"@type":"ReadAction","target":["https:\/\/dspowerbeauty.ch\/blog\/"]}]},{"@type":"BreadcrumbList","@id":"https:\/\/dspowerbeauty.ch\/blog\/#breadcrumb","itemListElement":[{"@type":"ListItem","position":1,"name":"Home","item":"https:\/\/dspowerbeauty.ch\/"},{"@type":"ListItem","position":2,"name":"Blog"}]},{"@type":"WebSite","@id":"https:\/\/dspowerbeauty.ch\/#website","url":"https:\/\/dspowerbeauty.ch\/","name":"DS Power Beauty","description":"DsPowerBeauty","publisher":{"@id":"https:\/\/dspowerbeauty.ch\/#organization"},"potentialAction":[{"@type":"SearchAction","target":{"@type":"EntryPoint","urlTemplate":"https:\/\/dspowerbeauty.ch\/?s={search_term_string}"},"query-input":"required name=search_term_string"}],"inLanguage":"en-GB"},{"@type":"Organization","@id":"https:\/\/dspowerbeauty.ch\/#organization","name":"DS Power Beauty","url":"https:\/\/dspowerbeauty.ch\/","logo":{"@type":"ImageObject","inLanguage":"en-GB","@id":"https:\/\/dspowerbeauty.ch\/#\/schema\/logo\/image\/","url":"http:\/\/dspowerbeauty.ch\/wp-content\/uploads\/2023\/03\/logo_black.png","contentUrl":"http:\/\/dspowerbeauty.ch\/wp-content\/uploads\/2023\/03\/logo_black.png","width":300,"height":72,"caption":"DS Power Beauty"},"image":{"@id":"https:\/\/dspowerbeauty.ch\/#\/schema\/logo\/image\/"},"sameAs":["https:\/\/www.instagram.com\/ds_powerbeauty\/"]}]}},"_links":{"self":[{"href":"https:\/\/dspowerbeauty.ch\/en\/wp-json\/wp\/v2\/pages\/210","targetHints":{"allow":["GET"]}}],"collection":[{"href":"https:\/\/dspowerbeauty.ch\/en\/wp-json\/wp\/v2\/pages"}],"about":[{"href":"https:\/\/dspowerbeauty.ch\/en\/wp-json\/wp\/v2\/types\/page"}],"author":[{"embeddable":true,"href":"https:\/\/dspowerbeauty.ch\/en\/wp-json\/wp\/v2\/users\/1"}],"replies":[{"embeddable":true,"href":"https:\/\/dspowerbeauty.ch\/en\/wp-json\/wp\/v2\/comments?post=210"}],"version-history":[{"count":19,"href":"https:\/\/dspowerbeauty.ch\/en\/wp-json\/wp\/v2\/pages\/210\/revisions"}],"predecessor-version":[{"id":554,"href":"https:\/\/dspowerbeauty.ch\/en\/wp-json\/wp\/v2\/pages\/210\/revisions\/554"}],"wp:attachment":[{"href":"https:\/\/dspowerbeauty.ch\/en\/wp-json\/wp\/v2\/media?parent=210"}],"curies":[{"name":"wp","href":"https:\/\/api.w.org\/{rel}","templated":true}]}}